{"id":4153,"date":"2024-04-25T12:38:00","date_gmt":"2024-04-25T12:38:00","guid":{"rendered":"https:\/\/kops.es\/?page_id=4153"},"modified":"2026-04-08T07:03:25","modified_gmt":"2026-04-08T07:03:25","slug":"booklet","status":"publish","type":"page","link":"https:\/\/kops.es\/index.php\/booklet\/","title":{"rendered":"Booklet"},"content":{"rendered":"\n<style type=\"text\/css\" data-created_by=\"avia_inline_auto\" id=\"style-css-av-8sx4ih-2031495aebf0f9a7d86e1f8b365f2571\">\n.avia-section.av-8sx4ih-2031495aebf0f9a7d86e1f8b365f2571{\nbackground-repeat:no-repeat;\nbackground-image:url(https:\/\/kops.es\/wp-content\/uploads\/2024\/04\/Header_Booklet.jpg);\nbackground-position:50% 100%;\nbackground-attachment:scroll;\n}\n.avia-section.av-8sx4ih-2031495aebf0f9a7d86e1f8b365f2571 .av-section-color-overlay{\nopacity:0.5;\nbackground-color:#000000;\n}\n<\/style>\n<div id='av_section_1'  class='avia-section av-8sx4ih-2031495aebf0f9a7d86e1f8b365f2571 main_color avia-section-default avia-no-border-styling  avia-builder-el-0  el_before_av_textblock  avia-builder-el-first  avia-full-stretch avia-bg-style-scroll av-section-color-overlay-active container_wrap fullsize'  data-section-bg-repeat='stretch'><div class=\"av-section-color-overlay-wrap\"><div class=\"av-section-color-overlay\"><\/div><div class='container av-section-cont-open' ><main  role=\"main\" itemprop=\"mainContentOfPage\"  class='template-page content  av-content-full alpha units'><div class='post-entry post-entry-type-page post-entry-4153'><div class='entry-content-wrapper clearfix'>\n\n<style type=\"text\/css\" data-created_by=\"avia_inline_auto\" id=\"style-css-av-lvf8cfqa-08e51cb239b90aef63be057f999e9fd7\">\n#top .av_textblock_section.av-lvf8cfqa-08e51cb239b90aef63be057f999e9fd7 .avia_textblock{\ncolor:#ffffff;\n}\n<\/style>\n<section  class='av_textblock_section av-lvf8cfqa-08e51cb239b90aef63be057f999e9fd7 '   itemscope=\"itemscope\" itemtype=\"https:\/\/schema.org\/CreativeWork\" ><div class='avia_textblock av_inherit_color'  itemprop=\"text\" ><h2 style=\"text-align: center;\">BOOKLET<\/h2>\n<\/div><\/section>\n<\/div><\/div><\/main><!-- close content main element --><\/div><\/div><\/div><div id='after_section_1'  class='main_color av_default_container_wrap container_wrap fullsize'  ><div class='container av-section-cont-open' ><div class='template-page content  av-content-full alpha units'><div class='post-entry post-entry-type-page post-entry-4153'><div class='entry-content-wrapper clearfix'>\n\n<style type=\"text\/css\" data-created_by=\"avia_inline_auto\" id=\"style-css-av-lvf8eu27-5a48b09f954fd386c03fe256c24192f0\">\n#top .av_textblock_section.av-lvf8eu27-5a48b09f954fd386c03fe256c24192f0 .avia_textblock{\ncolor:#000000;\n}\n<\/style>\n<section  class='av_textblock_section av-lvf8eu27-5a48b09f954fd386c03fe256c24192f0 '   itemscope=\"itemscope\" itemtype=\"https:\/\/schema.org\/CreativeWork\" ><div class='avia_textblock av_inherit_color'  itemprop=\"text\" ><p style=\"text-align: center;\">Existen productos que, por sus caracter\u00edsticas, necesitan informar de manera muy precisa.<\/p>\n<p style=\"text-align: center;\">Las etiquetas adhesivas \u201cBooklet\u201d, multip\u00e1ginas, cumplen perfectamente la funci\u00f3n de aglutinar mucha informaci\u00f3n en dise\u00f1os reducidos. Esto es gracias a su similitud de un \u201clibrito\u201d desplegable.<\/p>\n<\/div><\/section>\n<\/div><\/div><\/div><!-- close content main div --><\/div><\/div>\n<style type=\"text\/css\" data-created_by=\"avia_inline_auto\" id=\"style-css-av-70qds9-f83f91cbfc5d41eb334bffa3eb0bad75\">\n.avia-section.av-70qds9-f83f91cbfc5d41eb334bffa3eb0bad75{\nbackground-color:#f8f8f8;\nbackground-image:unset;\n}\n<\/style>\n<div id='enfajado'  class='avia-section av-70qds9-f83f91cbfc5d41eb334bffa3eb0bad75 main_color avia-section-default avia-shadow  avia-builder-el-3  el_after_av_textblock  avia-builder-el-last  avia-bg-style-scroll container_wrap fullsize'  ><div class='container av-section-cont-open' ><div class='template-page content  av-content-full alpha units'><div class='post-entry post-entry-type-page post-entry-4153'><div class='entry-content-wrapper clearfix'>\n<div  class='flex_column av-68ofrd-0ea6fb20fb5fb7e43496f0ff2e3ea03e av_two_fifth  avia-builder-el-4  el_before_av_three_fifth  avia-builder-el-first  first flex_column_div av-animated-generic left-to-right  '     ><style type=\"text\/css\" data-created_by=\"avia_inline_auto\" id=\"style-css-av-lvf8tpt5-4b25b2e4a955b9d8359c01df749474a7\">\n#top .avia-gallery.av-lvf8tpt5-4b25b2e4a955b9d8359c01df749474a7 .avia-gallery-thumb a{\nwidth:33.3333%;\n}\n<\/style>\n<div  class='avia-gallery av-lvf8tpt5-4b25b2e4a955b9d8359c01df749474a7 avia_animate_when_visible  avia-builder-el-5  avia-builder-el-no-sibling  avia_lazyload av-slideshow-ui av-loop-manual-endless av-control-hidden av-navigate-arrows hover-effect av-control-hidden avia-gallery-animate avia-gallery-1'  itemprop=\"image\" itemscope=\"itemscope\" itemtype=\"https:\/\/schema.org\/ImageObject\" ><meta itemprop=\"contentURL\" content=\"https:\/\/kops.es\/index.php\/booklet\/\"><a class='avia-gallery-big fakeLightbox lightbox avia-gallery-big-crop-thumb ' href=\"https:\/\/kops.es\/wp-content\/uploads\/2026\/04\/Booklet-Bote-1.png\" data-srcset=\"https:\/\/kops.es\/wp-content\/uploads\/2026\/04\/Booklet-Bote-1.png 800w, https:\/\/kops.es\/wp-content\/uploads\/2026\/04\/Booklet-Bote-1-300x225.png 300w, https:\/\/kops.es\/wp-content\/uploads\/2026\/04\/Booklet-Bote-1-768x576.png 768w, https:\/\/kops.es\/wp-content\/uploads\/2026\/04\/Booklet-Bote-1-705x529.png 705w\" data-sizes=\"(max-width: 800px) 100vw, 800px\"  data-onclick='1' title='Booklet Bote 1' ><span class='avia-gallery-big-inner'  itemprop=\"thumbnailUrl\" ><img decoding=\"async\" class=\"wp-image-4563 avia-img-lazy-loading-not-4563\"  width=\"495\" height=\"400\" src=\"https:\/\/kops.es\/wp-content\/uploads\/2026\/04\/Booklet-Bote-1-495x400.png\" title='Booklet Bote 1' alt='' \/><\/span><\/a><div class='avia-gallery-thumb'><a href=\"https:\/\/kops.es\/wp-content\/uploads\/2026\/04\/Booklet-Bote-1.png\" data-srcset=\"https:\/\/kops.es\/wp-content\/uploads\/2026\/04\/Booklet-Bote-1.png 800w, https:\/\/kops.es\/wp-content\/uploads\/2026\/04\/Booklet-Bote-1-300x225.png 300w, https:\/\/kops.es\/wp-content\/uploads\/2026\/04\/Booklet-Bote-1-768x576.png 768w, https:\/\/kops.es\/wp-content\/uploads\/2026\/04\/Booklet-Bote-1-705x529.png 705w\" data-sizes=\"(max-width: 800px) 100vw, 800px\" data-rel='gallery-1' data-prev-img='https:\/\/kops.es\/wp-content\/uploads\/2026\/04\/Booklet-Bote-1-495x400.png' class='first_thumb lightbox ' data-onclick='1' title='Booklet Bote 1'  itemprop=\"thumbnailUrl\"  ><img decoding=\"async\" class=\"wp-image-4563 avia-img-lazy-loading-not-4563\"   src=\"https:\/\/kops.es\/wp-content\/uploads\/2026\/04\/Booklet-Bote-1-495x400.png\" width=\"495\" height=\"400\"  title='Booklet Bote 1' alt='' \/><div class='big-prev-fake'><img loading=\"lazy\" decoding=\"async\" class=\"wp-image-4563 avia-img-lazy-loading-4563\"  width=\"495\" height=\"400\" src=\"https:\/\/kops.es\/wp-content\/uploads\/2026\/04\/Booklet-Bote-1-495x400.png\" title='Booklet Bote 1' alt='' \/><\/div><\/a><a href=\"https:\/\/kops.es\/wp-content\/uploads\/2024\/04\/Booklet_1.png\" data-srcset=\"https:\/\/kops.es\/wp-content\/uploads\/2024\/04\/Booklet_1.png 800w, https:\/\/kops.es\/wp-content\/uploads\/2024\/04\/Booklet_1-300x225.png 300w, https:\/\/kops.es\/wp-content\/uploads\/2024\/04\/Booklet_1-768x576.png 768w, https:\/\/kops.es\/wp-content\/uploads\/2024\/04\/Booklet_1-705x529.png 705w\" data-sizes=\"(max-width: 800px) 100vw, 800px\" data-rel='gallery-1' data-prev-img='https:\/\/kops.es\/wp-content\/uploads\/2024\/04\/Booklet_1-495x400.png' class='lightbox ' data-onclick='2' title='Booklet_1'  itemprop=\"thumbnailUrl\"  ><img decoding=\"async\" class=\"wp-image-4161 avia-img-lazy-loading-not-4161\"   src=\"https:\/\/kops.es\/wp-content\/uploads\/2024\/04\/Booklet_1-495x400.png\" width=\"495\" height=\"400\"  title='Booklet_1' alt='' \/><div class='big-prev-fake'><img loading=\"lazy\" decoding=\"async\" class=\"wp-image-4161 avia-img-lazy-loading-4161\"  width=\"495\" height=\"400\" src=\"https:\/\/kops.es\/wp-content\/uploads\/2024\/04\/Booklet_1-495x400.png\" title='Booklet_1' alt='' \/><\/div><\/a><a href=\"https:\/\/kops.es\/wp-content\/uploads\/2024\/04\/Booklet_2.png\" data-srcset=\"https:\/\/kops.es\/wp-content\/uploads\/2024\/04\/Booklet_2.png 800w, https:\/\/kops.es\/wp-content\/uploads\/2024\/04\/Booklet_2-300x225.png 300w, https:\/\/kops.es\/wp-content\/uploads\/2024\/04\/Booklet_2-768x576.png 768w, https:\/\/kops.es\/wp-content\/uploads\/2024\/04\/Booklet_2-705x529.png 705w\" data-sizes=\"(max-width: 800px) 100vw, 800px\" data-rel='gallery-1' data-prev-img='https:\/\/kops.es\/wp-content\/uploads\/2024\/04\/Booklet_2-495x400.png' class='lightbox ' data-onclick='3' title='Booklet_2'  itemprop=\"thumbnailUrl\"  ><img decoding=\"async\" class=\"wp-image-4162 avia-img-lazy-loading-not-4162\"   src=\"https:\/\/kops.es\/wp-content\/uploads\/2024\/04\/Booklet_2-495x400.png\" width=\"495\" height=\"400\"  title='Booklet_2' alt='' \/><div class='big-prev-fake'><img loading=\"lazy\" decoding=\"async\" class=\"wp-image-4162 avia-img-lazy-loading-4162\"  width=\"495\" height=\"400\" src=\"https:\/\/kops.es\/wp-content\/uploads\/2024\/04\/Booklet_2-495x400.png\" title='Booklet_2' alt='' \/><\/div><\/a><\/div><\/div><\/div><div  class='flex_column av-3pvmah-f88a838ff33fdbec70964f33cbb2e3dd av_three_fifth  avia-builder-el-6  el_after_av_two_fifth  avia-builder-el-last  flex_column_div av-animated-generic right-to-left  '     ><style type=\"text\/css\" data-created_by=\"avia_inline_auto\" id=\"style-css-av-lvf8flg5-7d63c426671077d86d1528729f078658\">\n#top .av_textblock_section.av-lvf8flg5-7d63c426671077d86d1528729f078658 .avia_textblock{\ncolor:#000000;\n}\n<\/style>\n<section  class='av_textblock_section av-lvf8flg5-7d63c426671077d86d1528729f078658 '   itemscope=\"itemscope\" itemtype=\"https:\/\/schema.org\/CreativeWork\" ><div class='avia_textblock av_inherit_color'  itemprop=\"text\" ><h3>ETIQUETA BOOKLET<\/h3>\n<\/div><\/section><br \/>\n\n<style type=\"text\/css\" data-created_by=\"avia_inline_auto\" id=\"style-css-av-2wcayx-9ff7a33ca8c9fd4bcfefe3118635ea1e\">\n#top .hr.av-2wcayx-9ff7a33ca8c9fd4bcfefe3118635ea1e{\nmargin-top:10px;\nmargin-bottom:10px;\n}\n.hr.av-2wcayx-9ff7a33ca8c9fd4bcfefe3118635ea1e .hr-inner{\nwidth:100%;\nborder-color:#bcbcbc;\n}\n<\/style>\n<div  class='hr av-2wcayx-9ff7a33ca8c9fd4bcfefe3118635ea1e hr-custom  avia-builder-el-8  el_after_av_textblock  el_before_av_textblock  hr-center hr-icon-no'><span class='hr-inner inner-border-av-border-thin'><span class=\"hr-inner-style\"><\/span><\/span><\/div><br \/>\n\n<style type=\"text\/css\" data-created_by=\"avia_inline_auto\" id=\"style-css-av-lvf8gc2c-d0d43c13f07e47babe8c7a4b3965267d\">\n#top .av_textblock_section.av-lvf8gc2c-d0d43c13f07e47babe8c7a4b3965267d .avia_textblock{\ncolor:#000000;\n}\n<\/style>\n<section  class='av_textblock_section av-lvf8gc2c-d0d43c13f07e47babe8c7a4b3965267d '   itemscope=\"itemscope\" itemtype=\"https:\/\/schema.org\/CreativeWork\" ><div class='avia_textblock av_inherit_color'  itemprop=\"text\" ><ul>\n<li>\n<h4>Est\u00e1 destinado a publicidad y promociones de marketing.<\/h4>\n<\/li>\n<li>\n<h4>Ideal para productos qu\u00edmicos, \u2000tosanitarios, manuales de instrucciones, etc, que precisen de mucha informaci\u00f3n, como en varios idiomas informando del producto.<\/h4>\n<\/li>\n<li>\n<h4>Sectores como el del mueble y bienes de equipo son consumidores del \u201cBooklet\u201d, ya que con s\u00f3lo una etiqueta pueden, adem\u00e1s, acompa\u00f1ar sus libros de instrucciones de montaje o de funcionamiento.<\/h4>\n<\/li>\n<\/ul>\n<\/div><\/section><\/p><\/div>\n","protected":false},"excerpt":{"rendered":"","protected":false},"author":1,"featured_media":0,"parent":0,"menu_order":0,"comment_status":"closed","ping_status":"closed","template":"","meta":{"footnotes":""},"class_list":["post-4153","page","type-page","status-publish","hentry"],"_links":{"self":[{"href":"https:\/\/kops.es\/index.php\/wp-json\/wp\/v2\/pages\/4153","targetHints":{"allow":["GET"]}}],"collection":[{"href":"https:\/\/kops.es\/index.php\/wp-json\/wp\/v2\/pages"}],"about":[{"href":"https:\/\/kops.es\/index.php\/wp-json\/wp\/v2\/types\/page"}],"author":[{"embeddable":true,"href":"https:\/\/kops.es\/index.php\/wp-json\/wp\/v2\/users\/1"}],"replies":[{"embeddable":true,"href":"https:\/\/kops.es\/index.php\/wp-json\/wp\/v2\/comments?post=4153"}],"version-history":[{"count":8,"href":"https:\/\/kops.es\/index.php\/wp-json\/wp\/v2\/pages\/4153\/revisions"}],"predecessor-version":[{"id":4564,"href":"https:\/\/kops.es\/index.php\/wp-json\/wp\/v2\/pages\/4153\/revisions\/4564"}],"wp:attachment":[{"href":"https:\/\/kops.es\/index.php\/wp-json\/wp\/v2\/media?parent=4153"}],"curies":[{"name":"wp","href":"https:\/\/api.w.org\/{rel}","templated":true}]}}