{"id":3768,"date":"2023-05-19T08:21:37","date_gmt":"2023-05-19T08:21:37","guid":{"rendered":"http:\/\/kops.es\/?page_id=3768"},"modified":"2023-05-19T08:26:44","modified_gmt":"2023-05-19T08:26:44","slug":"politica-de-cookies","status":"publish","type":"page","link":"https:\/\/kops.es\/index.php\/politica-de-cookies\/","title":{"rendered":"Politica de cookies"},"content":{"rendered":"<section  class='av_textblock_section av-lhuakqbz-686953f6a51d71cfd674bb665cc60991 '   itemscope=\"itemscope\" itemtype=\"https:\/\/schema.org\/CreativeWork\" ><div class='avia_textblock'  itemprop=\"text\" ><h3 style=\"text-align: center;\"><b>POLITICA DE COOKIES<\/b><\/h3>\n<\/div><\/section>\n\n<style type=\"text\/css\" data-created_by=\"avia_inline_auto\" id=\"style-css-av-av_hr-82f5be0ae0af6a64fe3091010b237709\">\n#top .hr.hr-invisible.av-av_hr-82f5be0ae0af6a64fe3091010b237709{\nheight:20px;\n}\n<\/style>\n<div  class='hr av-av_hr-82f5be0ae0af6a64fe3091010b237709 hr-invisible  avia-builder-el-1  el_after_av_textblock  el_before_av_textblock '><span class='hr-inner '><span class=\"hr-inner-style\"><\/span><\/span><\/div>\n<section  class='av_textblock_section av-lhualrjp-6d16e089ed0cf4ae6bdde0330602d833 '   itemscope=\"itemscope\" itemtype=\"https:\/\/schema.org\/CreativeWork\" ><div class='avia_textblock'  itemprop=\"text\" ><p>Las cookies son peque\u00f1as cantidades de informaci\u00f3n que se almacenan en el navegador utilizado por cada usuario para que el servidor recuerde cierta informaci\u00f3n que posteriormente pueda utilizar.<\/p>\n<p><b>TIPOS DE COOKIES QUE UTILIZAMOS<\/b><\/p>\n<p>Esta p\u00e1gina web utiliza cookies de terceros que son aquellas que se env\u00edan a tu ordenador o terminal desde un dominio o una p\u00e1gina web que no es gestionada por nosotros, sino por otra entidad que trata los datos obtenidos a trav\u00e9s de las cookies.<\/p>\n<p>En este caso las Cookies son utilizadas con fines estad\u00edsticos relacionados con las visitas que recibe y las p\u00e1ginas que se consultan, quedando aceptado su uso al navegar por ella.<\/p>\n<\/div><\/section>\n<div class='avia-data-table-wrap av-av_table-50e186637ed9ed16c605214627a3a44d avia_responsive_table avia-table-1'><table  class='avia-table avia-data-table avia_pricing_default  avia-builder-el-3  el_after_av_textblock  avia-builder-el-last '  itemscope=\"itemscope\" itemtype=\"https:\/\/schema.org\/Table\" ><tbody><tr class='avia-heading-row'><th class=''>COOKIE (Y PROVEEDOR)<\/th><th class=''>DURACI\u00d3N<\/th><th class=''>DESCRIPCI\u00d3N<\/th><\/tr><tr class=''><td class=''>__cfduid (notin.es<\/td><td class=''>Sesi\u00f3n<\/td><td class=''>Publicidad<\/td><\/tr><tr class=''><td class=''>personalization_id (twitter.com)<\/td><td class=''>Sesi\u00f3n<\/td><td class=''>Twitter<\/td><\/tr><tr class=''><td class=''>Facebook<\/td><td class=''>Publicidad, estad\u00edsticas y mediciones<\/td><td class=''>Coloca Cookies en el ordenador o dispositivo y recibe la informaci\u00f3n almacenada en ellas cuando utilizas o visitas servicios prestados por otras empresas que utilizan los servicios de Facebook.<\/td><\/tr><tr class=''><td class=''>_ga (Google)<\/td><td class=''>2 a\u00f1os<\/td><td class=''>Se usa para distinguir a los usuarios.<\/td><\/tr><tr class=''><td class=''>_gid (Google)<\/td><td class=''>24 horas<\/td><td class=''>Se usa para distinguir a los usuarios.<\/td><\/tr><tr class=''><td class=''>_gat (Google)<\/td><td class=''>1 minuto<\/td><td class=''>Se usa para limitar el porcentaje de solicitudes. Si has implementado Google Analytics mediante Google Tag Manager, esta cookie se llamar\u00e1 _dc_gtm_.<\/td><\/tr><tr class=''><td class=''>_gali (Google)<\/td><td class=''>30s<\/td><td class=''>Atribuci\u00f3n de enlace mejorada.<\/td><\/tr><tr class=''><td class=''>_unam (SHARETHIS)<\/td><td class=''>Persistente<\/td><td class=''>Su finalidad es cuantificar el n\u00famero de Usuarios que comparten un determinado contenido y cu\u00e1ntas p\u00e1ginas web son visitadas a ra\u00edz de esa acci\u00f3n.<\/td><\/tr><tr class=''><td class=''>WordPress<\/td><td class=''>2 a\u00f1os<\/td><td class=''>Utilizado para el correcto funcionamiento del gestor de contenido WordPress.<\/td><\/tr><\/tbody><\/table><\/div><style type='text\/css'>.avia-table-1 td:nth-of-type(1):before { content: 'COOKIE (Y PROVEEDOR)'; } .avia-table-1 td:nth-of-type(2):before { content: 'DURACI\u00d3N'; } .avia-table-1 td:nth-of-type(3):before { content: 'DESCRIPCI\u00d3N'; } <\/style>\n","protected":false},"excerpt":{"rendered":"","protected":false},"author":1,"featured_media":0,"parent":0,"menu_order":0,"comment_status":"closed","ping_status":"closed","template":"","meta":{"footnotes":""},"class_list":["post-3768","page","type-page","status-publish","hentry"],"_links":{"self":[{"href":"https:\/\/kops.es\/index.php\/wp-json\/wp\/v2\/pages\/3768","targetHints":{"allow":["GET"]}}],"collection":[{"href":"https:\/\/kops.es\/index.php\/wp-json\/wp\/v2\/pages"}],"about":[{"href":"https:\/\/kops.es\/index.php\/wp-json\/wp\/v2\/types\/page"}],"author":[{"embeddable":true,"href":"https:\/\/kops.es\/index.php\/wp-json\/wp\/v2\/users\/1"}],"replies":[{"embeddable":true,"href":"https:\/\/kops.es\/index.php\/wp-json\/wp\/v2\/comments?post=3768"}],"version-history":[{"count":6,"href":"https:\/\/kops.es\/index.php\/wp-json\/wp\/v2\/pages\/3768\/revisions"}],"predecessor-version":[{"id":3776,"href":"https:\/\/kops.es\/index.php\/wp-json\/wp\/v2\/pages\/3768\/revisions\/3776"}],"wp:attachment":[{"href":"https:\/\/kops.es\/index.php\/wp-json\/wp\/v2\/media?parent=3768"}],"curies":[{"name":"wp","href":"https:\/\/api.w.org\/{rel}","templated":true}]}}