{"id":3713,"date":"2023-05-18T09:06:10","date_gmt":"2023-05-18T09:06:10","guid":{"rendered":"http:\/\/kops.es\/?page_id=3713"},"modified":"2026-04-08T06:37:03","modified_gmt":"2026-04-08T06:37:03","slug":"quimica","status":"publish","type":"page","link":"https:\/\/kops.es\/index.php\/quimica\/","title":{"rendered":"Qu\u00edmica"},"content":{"rendered":"\n<style type=\"text\/css\" data-created_by=\"avia_inline_auto\" id=\"style-css-av-lr33ep-9d8dd32ee0a7921c77811718be7d12a7\">\n.avia-section.av-lr33ep-9d8dd32ee0a7921c77811718be7d12a7{\nbackground-repeat:no-repeat;\nbackground-image:url(https:\/\/kops.es\/wp-content\/uploads\/2024\/04\/QuimicaH.jpg);\nbackground-position:50% 50%;\nbackground-attachment:scroll;\n}\n.avia-section.av-lr33ep-9d8dd32ee0a7921c77811718be7d12a7 .av-section-color-overlay{\nopacity:0.5;\nbackground-color:#000000;\n}\n<\/style>\n<div id='av_section_1'  class='avia-section av-lr33ep-9d8dd32ee0a7921c77811718be7d12a7 main_color avia-section-default avia-no-border-styling  avia-builder-el-0  el_before_av_textblock  avia-builder-el-first  avia-full-stretch avia-bg-style-scroll av-section-color-overlay-active container_wrap fullsize'  data-section-bg-repeat='stretch'><div class=\"av-section-color-overlay-wrap\"><div class=\"av-section-color-overlay\"><\/div><div class='container av-section-cont-open' ><main  role=\"main\" itemprop=\"mainContentOfPage\"  class='template-page content  av-content-full alpha units'><div class='post-entry post-entry-type-page post-entry-3713'><div class='entry-content-wrapper clearfix'>\n\n<style type=\"text\/css\" data-created_by=\"avia_inline_auto\" id=\"style-css-av-lhswq0iy-2b4b99c1cd5a619e5e3694a3a95879fa\">\n#top .av_textblock_section.av-lhswq0iy-2b4b99c1cd5a619e5e3694a3a95879fa .avia_textblock{\ncolor:#ffffff;\n}\n<\/style>\n<section  class='av_textblock_section av-lhswq0iy-2b4b99c1cd5a619e5e3694a3a95879fa '   itemscope=\"itemscope\" itemtype=\"https:\/\/schema.org\/CreativeWork\" ><div class='avia_textblock av_inherit_color'  itemprop=\"text\" ><h1 style=\"text-align: center;\">QU\u00cdMICA DROGUER\u00cdA<\/h1>\n<\/div><\/section>\n<\/div><\/div><\/main><!-- close content main element --><\/div><\/div><\/div><div id='after_section_1'  class='main_color av_default_container_wrap container_wrap fullsize'  ><div class='container av-section-cont-open' ><div class='template-page content  av-content-full alpha units'><div class='post-entry post-entry-type-page post-entry-3713'><div class='entry-content-wrapper clearfix'>\n\n<style type=\"text\/css\" data-created_by=\"avia_inline_auto\" id=\"style-css-av-lvkyxrey-68735514a4d3ea7af2d9d235aed83438\">\n#top .av_textblock_section.av-lvkyxrey-68735514a4d3ea7af2d9d235aed83438 .avia_textblock{\ncolor:#000000;\n}\n<\/style>\n<section  class='av_textblock_section av-lvkyxrey-68735514a4d3ea7af2d9d235aed83438 '   itemscope=\"itemscope\" itemtype=\"https:\/\/schema.org\/CreativeWork\" ><div class='avia_textblock av_inherit_color'  itemprop=\"text\" ><h4 style=\"text-align: center;\">Las especificaciones de las etiquetas en el mercado QU\u00cdMICO, FARMAC\u00c9UTICO, etc, son fundamentales en su entorno de fabricaci\u00f3n, envasado y distribuci\u00f3n. Adelantarse a posibles situaciones de riesgo es imprescindible.<\/h4>\n<\/div><\/section>\n<\/div><\/div><\/div><!-- close content main div --><\/div><\/div>\n<style type=\"text\/css\" data-created_by=\"avia_inline_auto\" id=\"style-css-av-6a083l-d6bb2059ca9dc644bffa968aee2d80c0\">\n.avia-section.av-6a083l-d6bb2059ca9dc644bffa968aee2d80c0{\nbackground-color:#f8f8f8;\nbackground-image:unset;\n}\n<\/style>\n<div id='enfajado'  class='avia-section av-6a083l-d6bb2059ca9dc644bffa968aee2d80c0 main_color avia-section-default avia-shadow  avia-builder-el-3  el_after_av_textblock  el_before_av_section  avia-bg-style-scroll container_wrap fullsize'  ><div class='container av-section-cont-open' ><div class='template-page content  av-content-full alpha units'><div class='post-entry post-entry-type-page post-entry-3713'><div class='entry-content-wrapper clearfix'>\n<div  class='flex_column av-1cqep-703057aea795fda588fb2b385b02a5e7 av_two_fifth  avia-builder-el-4  el_before_av_three_fifth  avia-builder-el-first  first flex_column_div av-animated-generic left-to-right  '     ><style type=\"text\/css\" data-created_by=\"avia_inline_auto\" id=\"style-css-av-lvkyz5qf-dc68a83b8b1331b8b263a5ac620563a7\">\n#top .avia-gallery.av-lvkyz5qf-dc68a83b8b1331b8b263a5ac620563a7 .avia-gallery-thumb a{\nwidth:33.3333%;\n}\n<\/style>\n<div  class='avia-gallery av-lvkyz5qf-dc68a83b8b1331b8b263a5ac620563a7 avia_animate_when_visible  avia-builder-el-5  avia-builder-el-no-sibling  avia_lazyload av-slideshow-ui av-loop-manual-endless av-control-hidden av-navigate-arrows hover-effect av-control-hidden avia-gallery-animate avia-gallery-1'  itemprop=\"image\" itemscope=\"itemscope\" itemtype=\"https:\/\/schema.org\/ImageObject\" ><meta itemprop=\"contentURL\" content=\"https:\/\/kops.es\/index.php\/quimica\/\"><a class='avia-gallery-big fakeLightbox lightbox avia-gallery-big-crop-thumb ' href=\"https:\/\/kops.es\/wp-content\/uploads\/2026\/04\/Quimica-3.png\" data-srcset=\"https:\/\/kops.es\/wp-content\/uploads\/2026\/04\/Quimica-3.png 800w, https:\/\/kops.es\/wp-content\/uploads\/2026\/04\/Quimica-3-300x225.png 300w, https:\/\/kops.es\/wp-content\/uploads\/2026\/04\/Quimica-3-768x576.png 768w, https:\/\/kops.es\/wp-content\/uploads\/2026\/04\/Quimica-3-705x529.png 705w\" data-sizes=\"(max-width: 800px) 100vw, 800px\"  data-onclick='1' title='Quimica 3' ><span class='avia-gallery-big-inner'  itemprop=\"thumbnailUrl\" ><img decoding=\"async\" class=\"wp-image-4558 avia-img-lazy-loading-not-4558\"  width=\"495\" height=\"400\" src=\"https:\/\/kops.es\/wp-content\/uploads\/2026\/04\/Quimica-3-495x400.png\" title='Quimica 3' alt='' \/><\/span><\/a><div class='avia-gallery-thumb'><a href=\"https:\/\/kops.es\/wp-content\/uploads\/2026\/04\/Quimica-3.png\" data-srcset=\"https:\/\/kops.es\/wp-content\/uploads\/2026\/04\/Quimica-3.png 800w, https:\/\/kops.es\/wp-content\/uploads\/2026\/04\/Quimica-3-300x225.png 300w, https:\/\/kops.es\/wp-content\/uploads\/2026\/04\/Quimica-3-768x576.png 768w, https:\/\/kops.es\/wp-content\/uploads\/2026\/04\/Quimica-3-705x529.png 705w\" data-sizes=\"(max-width: 800px) 100vw, 800px\" data-rel='gallery-1' data-prev-img='https:\/\/kops.es\/wp-content\/uploads\/2026\/04\/Quimica-3-495x400.png' class='first_thumb lightbox ' data-onclick='1' title='Quimica 3'  itemprop=\"thumbnailUrl\"  ><img decoding=\"async\" class=\"wp-image-4558 avia-img-lazy-loading-not-4558\"   src=\"https:\/\/kops.es\/wp-content\/uploads\/2026\/04\/Quimica-3-495x400.png\" width=\"495\" height=\"400\"  title='Quimica 3' alt='' \/><div class='big-prev-fake'><img loading=\"lazy\" decoding=\"async\" class=\"wp-image-4558 avia-img-lazy-loading-4558\"  width=\"495\" height=\"400\" src=\"https:\/\/kops.es\/wp-content\/uploads\/2026\/04\/Quimica-3-495x400.png\" title='Quimica 3' alt='' \/><\/div><\/a><a href=\"https:\/\/kops.es\/wp-content\/uploads\/2026\/04\/Quimica-1.png\" data-srcset=\"https:\/\/kops.es\/wp-content\/uploads\/2026\/04\/Quimica-1.png 800w, https:\/\/kops.es\/wp-content\/uploads\/2026\/04\/Quimica-1-300x225.png 300w, https:\/\/kops.es\/wp-content\/uploads\/2026\/04\/Quimica-1-768x576.png 768w, https:\/\/kops.es\/wp-content\/uploads\/2026\/04\/Quimica-1-705x529.png 705w\" data-sizes=\"(max-width: 800px) 100vw, 800px\" data-rel='gallery-1' data-prev-img='https:\/\/kops.es\/wp-content\/uploads\/2026\/04\/Quimica-1-495x400.png' class='lightbox ' data-onclick='2' title='Quimica 1'  itemprop=\"thumbnailUrl\"  ><img decoding=\"async\" class=\"wp-image-4556 avia-img-lazy-loading-not-4556\"   src=\"https:\/\/kops.es\/wp-content\/uploads\/2026\/04\/Quimica-1-495x400.png\" width=\"495\" height=\"400\"  title='Quimica 1' alt='' \/><div class='big-prev-fake'><img loading=\"lazy\" decoding=\"async\" class=\"wp-image-4556 avia-img-lazy-loading-4556\"  width=\"495\" height=\"400\" src=\"https:\/\/kops.es\/wp-content\/uploads\/2026\/04\/Quimica-1-495x400.png\" title='Quimica 1' alt='' \/><\/div><\/a><a href=\"https:\/\/kops.es\/wp-content\/uploads\/2026\/04\/Quimica-2.png\" data-srcset=\"https:\/\/kops.es\/wp-content\/uploads\/2026\/04\/Quimica-2.png 800w, https:\/\/kops.es\/wp-content\/uploads\/2026\/04\/Quimica-2-300x225.png 300w, https:\/\/kops.es\/wp-content\/uploads\/2026\/04\/Quimica-2-768x576.png 768w, https:\/\/kops.es\/wp-content\/uploads\/2026\/04\/Quimica-2-705x529.png 705w\" data-sizes=\"(max-width: 800px) 100vw, 800px\" data-rel='gallery-1' data-prev-img='https:\/\/kops.es\/wp-content\/uploads\/2026\/04\/Quimica-2-495x400.png' class='lightbox ' data-onclick='3' title='Quimica 2'  itemprop=\"thumbnailUrl\"  ><img decoding=\"async\" class=\"wp-image-4557 avia-img-lazy-loading-not-4557\"   src=\"https:\/\/kops.es\/wp-content\/uploads\/2026\/04\/Quimica-2-495x400.png\" width=\"495\" height=\"400\"  title='Quimica 2' alt='' \/><div class='big-prev-fake'><img loading=\"lazy\" decoding=\"async\" class=\"wp-image-4557 avia-img-lazy-loading-4557\"  width=\"495\" height=\"400\" src=\"https:\/\/kops.es\/wp-content\/uploads\/2026\/04\/Quimica-2-495x400.png\" title='Quimica 2' alt='' \/><\/div><\/a><\/div><\/div><\/div><div  class='flex_column av-239p5t-deb32a9642287966b3a75fa865a11938 av_three_fifth  avia-builder-el-6  el_after_av_two_fifth  avia-builder-el-last  flex_column_div av-animated-generic right-to-left  '     ><style type=\"text\/css\" data-created_by=\"avia_inline_auto\" id=\"style-css-av-lvkyypcz-0a4bb136ee6d024bda72ed49ab1ccc4f\">\n#top .av_textblock_section.av-lvkyypcz-0a4bb136ee6d024bda72ed49ab1ccc4f .avia_textblock{\ncolor:#000000;\n}\n<\/style>\n<section  class='av_textblock_section av-lvkyypcz-0a4bb136ee6d024bda72ed49ab1ccc4f '   itemscope=\"itemscope\" itemtype=\"https:\/\/schema.org\/CreativeWork\" ><div class='avia_textblock av_inherit_color'  itemprop=\"text\" ><ul>\n<li>\n<h4>Materiales especiales para tratamiento farmac\u00e9utico y sanit\u00e1rio.<\/h4>\n<\/li>\n<li>\n<h4>Aguantan temperaturas de entre -35\u00ba y +70\u00ba.<\/h4>\n<\/li>\n<li>\n<h4>Utilizamos materiales NO migratorios, es decir, NO dejan residuos, olores, desprendimiento de tinta ni nada que pueda afectar al producto final.<\/h4>\n<\/li>\n<\/ul>\n<\/div><\/section><\/div><\/div><\/div><\/div><!-- close content main div --><\/div><\/div>\n<style type=\"text\/css\" data-created_by=\"avia_inline_auto\" id=\"style-css-av-av_section-ee35eecfeb6c7edc7103495c4711a38c\">\n.avia-section.av-av_section-ee35eecfeb6c7edc7103495c4711a38c{\nbackground-color:#f8f8f8;\nbackground-image:unset;\n}\n<\/style>\n<div id='enfajado'  class='avia-section av-av_section-ee35eecfeb6c7edc7103495c4711a38c main_color avia-section-default avia-shadow  avia-builder-el-8  el_after_av_section  avia-builder-el-last  avia-bg-style-scroll container_wrap fullsize'  ><div class='container av-section-cont-open' ><div class='template-page content  av-content-full alpha units'><div class='post-entry post-entry-type-page post-entry-3713'><div class='entry-content-wrapper clearfix'>\n<div  class='flex_column av-av_three_fifth-931e5db5cdfde8ca4a3fc142e7cfab28 av_three_fifth  avia-builder-el-9  el_before_av_two_fifth  avia-builder-el-first  first flex_column_div av-animated-generic right-to-left  '     ><style type=\"text\/css\" data-created_by=\"avia_inline_auto\" id=\"style-css-av-mnpo6lev-639cf142a26247e5726468642f244e47\">\n#top .av_textblock_section.av-mnpo6lev-639cf142a26247e5726468642f244e47 .avia_textblock{\ncolor:#000000;\n}\n<\/style>\n<section  class='av_textblock_section av-mnpo6lev-639cf142a26247e5726468642f244e47 '   itemscope=\"itemscope\" itemtype=\"https:\/\/schema.org\/CreativeWork\" ><div class='avia_textblock av_inherit_color'  itemprop=\"text\" ><ul>\n<li>\n<h4>Materiales que soportan el derrame por accidente de productos qu\u00edmicos, no les influye el agua marina y por supuesto, los cambios de temperatura ambiental.<\/h4>\n<\/li>\n<li>\n<h4>La durabilidad de estas etiquetas en un entorno hostil es base fundamental.<\/h4>\n<\/li>\n<li>\n<h4>Se usa material sint\u00e9tico con alta resistencia a las roturas. Es muy utilizado para las manufacturas de distribuci\u00f3n de hierro y acero, cobre, aluminio, etc.<\/h4>\n<\/li>\n<\/ul>\n<\/div><\/section><\/div><div  class='flex_column av-av_two_fifth-1adec41f5770d8b9a2558d397c40a044 av_two_fifth  avia-builder-el-11  el_after_av_three_fifth  avia-builder-el-last  flex_column_div av-animated-generic left-to-right  '     ><style type=\"text\/css\" data-created_by=\"avia_inline_auto\" id=\"style-css-av-mnpodwy5-9cdd3a38490e35101b74699ff58239b4\">\n#top .avia-gallery.av-mnpodwy5-9cdd3a38490e35101b74699ff58239b4 .avia-gallery-thumb a{\nwidth:33.3333%;\n}\n<\/style>\n<div  class='avia-gallery av-mnpodwy5-9cdd3a38490e35101b74699ff58239b4 avia_animate_when_visible  avia-builder-el-12  avia-builder-el-no-sibling  avia_lazyload av-slideshow-ui av-loop-manual-endless av-control-hidden av-navigate-arrows hover-effect av-control-hidden avia-gallery-animate avia-gallery-2'  itemprop=\"image\" itemscope=\"itemscope\" itemtype=\"https:\/\/schema.org\/ImageObject\" ><meta itemprop=\"contentURL\" content=\"https:\/\/kops.es\/index.php\/quimica\/\"><a class='avia-gallery-big fakeLightbox lightbox avia-gallery-big-crop-thumb ' href=\"https:\/\/kops.es\/wp-content\/uploads\/2026\/04\/Quimica-4.png\" data-srcset=\"https:\/\/kops.es\/wp-content\/uploads\/2026\/04\/Quimica-4.png 800w, https:\/\/kops.es\/wp-content\/uploads\/2026\/04\/Quimica-4-300x225.png 300w, https:\/\/kops.es\/wp-content\/uploads\/2026\/04\/Quimica-4-768x576.png 768w, https:\/\/kops.es\/wp-content\/uploads\/2026\/04\/Quimica-4-705x529.png 705w\" data-sizes=\"(max-width: 800px) 100vw, 800px\"  data-onclick='1' title='Quimica 4' ><span class='avia-gallery-big-inner'  itemprop=\"thumbnailUrl\" ><img decoding=\"async\" class=\"wp-image-4559 avia-img-lazy-loading-not-4559\"  width=\"495\" height=\"400\" src=\"https:\/\/kops.es\/wp-content\/uploads\/2026\/04\/Quimica-4-495x400.png\" title='Quimica 4' alt='' \/><\/span><\/a><div class='avia-gallery-thumb'><a href=\"https:\/\/kops.es\/wp-content\/uploads\/2026\/04\/Quimica-4.png\" data-srcset=\"https:\/\/kops.es\/wp-content\/uploads\/2026\/04\/Quimica-4.png 800w, https:\/\/kops.es\/wp-content\/uploads\/2026\/04\/Quimica-4-300x225.png 300w, https:\/\/kops.es\/wp-content\/uploads\/2026\/04\/Quimica-4-768x576.png 768w, https:\/\/kops.es\/wp-content\/uploads\/2026\/04\/Quimica-4-705x529.png 705w\" data-sizes=\"(max-width: 800px) 100vw, 800px\" data-rel='gallery-2' data-prev-img='https:\/\/kops.es\/wp-content\/uploads\/2026\/04\/Quimica-4-495x400.png' class='first_thumb lightbox ' data-onclick='1' title='Quimica 4'  itemprop=\"thumbnailUrl\"  ><img decoding=\"async\" class=\"wp-image-4559 avia-img-lazy-loading-not-4559\"   src=\"https:\/\/kops.es\/wp-content\/uploads\/2026\/04\/Quimica-4-495x400.png\" width=\"495\" height=\"400\"  title='Quimica 4' alt='' \/><div class='big-prev-fake'><img loading=\"lazy\" decoding=\"async\" class=\"wp-image-4559 avia-img-lazy-loading-4559\"  width=\"495\" height=\"400\" src=\"https:\/\/kops.es\/wp-content\/uploads\/2026\/04\/Quimica-4-495x400.png\" title='Quimica 4' alt='' \/><\/div><\/a><a href=\"https:\/\/kops.es\/wp-content\/uploads\/2026\/04\/Quimico-5.png\" data-srcset=\"https:\/\/kops.es\/wp-content\/uploads\/2026\/04\/Quimico-5.png 800w, https:\/\/kops.es\/wp-content\/uploads\/2026\/04\/Quimico-5-300x225.png 300w, https:\/\/kops.es\/wp-content\/uploads\/2026\/04\/Quimico-5-768x576.png 768w, https:\/\/kops.es\/wp-content\/uploads\/2026\/04\/Quimico-5-705x529.png 705w\" data-sizes=\"(max-width: 800px) 100vw, 800px\" data-rel='gallery-2' data-prev-img='https:\/\/kops.es\/wp-content\/uploads\/2026\/04\/Quimico-5-495x400.png' class='lightbox ' data-onclick='2' title='Quimico 5'  itemprop=\"thumbnailUrl\"  ><img decoding=\"async\" class=\"wp-image-4560 avia-img-lazy-loading-not-4560\"   src=\"https:\/\/kops.es\/wp-content\/uploads\/2026\/04\/Quimico-5-495x400.png\" width=\"495\" height=\"400\"  title='Quimico 5' alt='' \/><div class='big-prev-fake'><img loading=\"lazy\" decoding=\"async\" class=\"wp-image-4560 avia-img-lazy-loading-4560\"  width=\"495\" height=\"400\" src=\"https:\/\/kops.es\/wp-content\/uploads\/2026\/04\/Quimico-5-495x400.png\" title='Quimico 5' alt='' \/><\/div><\/a><a href=\"https:\/\/kops.es\/wp-content\/uploads\/2026\/04\/Quimico-6.png\" data-srcset=\"https:\/\/kops.es\/wp-content\/uploads\/2026\/04\/Quimico-6.png 800w, https:\/\/kops.es\/wp-content\/uploads\/2026\/04\/Quimico-6-300x225.png 300w, https:\/\/kops.es\/wp-content\/uploads\/2026\/04\/Quimico-6-768x576.png 768w, https:\/\/kops.es\/wp-content\/uploads\/2026\/04\/Quimico-6-705x529.png 705w\" data-sizes=\"(max-width: 800px) 100vw, 800px\" data-rel='gallery-2' data-prev-img='https:\/\/kops.es\/wp-content\/uploads\/2026\/04\/Quimico-6-495x400.png' class='lightbox ' data-onclick='3' title='Quimico 6'  itemprop=\"thumbnailUrl\"  ><img decoding=\"async\" class=\"wp-image-4561 avia-img-lazy-loading-not-4561\"   src=\"https:\/\/kops.es\/wp-content\/uploads\/2026\/04\/Quimico-6-495x400.png\" width=\"495\" height=\"400\"  title='Quimico 6' alt='' \/><div class='big-prev-fake'><img loading=\"lazy\" decoding=\"async\" class=\"wp-image-4561 avia-img-lazy-loading-4561\"  width=\"495\" height=\"400\" src=\"https:\/\/kops.es\/wp-content\/uploads\/2026\/04\/Quimico-6-495x400.png\" title='Quimico 6' alt='' \/><\/div><\/a><\/div><\/div><\/div><\/p>\n","protected":false},"excerpt":{"rendered":"","protected":false},"author":1,"featured_media":0,"parent":0,"menu_order":0,"comment_status":"closed","ping_status":"closed","template":"","meta":{"footnotes":""},"class_list":["post-3713","page","type-page","status-publish","hentry"],"_links":{"self":[{"href":"https:\/\/kops.es\/index.php\/wp-json\/wp\/v2\/pages\/3713","targetHints":{"allow":["GET"]}}],"collection":[{"href":"https:\/\/kops.es\/index.php\/wp-json\/wp\/v2\/pages"}],"about":[{"href":"https:\/\/kops.es\/index.php\/wp-json\/wp\/v2\/types\/page"}],"author":[{"embeddable":true,"href":"https:\/\/kops.es\/index.php\/wp-json\/wp\/v2\/users\/1"}],"replies":[{"embeddable":true,"href":"https:\/\/kops.es\/index.php\/wp-json\/wp\/v2\/comments?post=3713"}],"version-history":[{"count":33,"href":"https:\/\/kops.es\/index.php\/wp-json\/wp\/v2\/pages\/3713\/revisions"}],"predecessor-version":[{"id":4562,"href":"https:\/\/kops.es\/index.php\/wp-json\/wp\/v2\/pages\/3713\/revisions\/4562"}],"wp:attachment":[{"href":"https:\/\/kops.es\/index.php\/wp-json\/wp\/v2\/media?parent=3713"}],"curies":[{"name":"wp","href":"https:\/\/api.w.org\/{rel}","templated":true}]}}